{"id":69,"date":"2021-01-30T20:04:47","date_gmt":"2021-01-30T20:04:47","guid":{"rendered":"https:\/\/www.valahmotors.ro\/?page_id=69"},"modified":"2023-07-27T20:25:18","modified_gmt":"2023-07-27T20:25:18","slug":"targoviste","status":"publish","type":"page","link":"https:\/\/www.valahmotors.ro\/en\/targoviste\/","title":{"rendered":"T\u00e2rgovi\u015fte"},"content":{"rendered":"<div data-elementor-type=\"wp-page\" data-elementor-id=\"69\" class=\"elementor elementor-69\" data-elementor-settings=\"{&quot;ha_cmc_init_switcher&quot;:&quot;no&quot;}\">\n\t\t\t\t\t\t<section class=\"elementor-section elementor-top-section elementor-element elementor-element-119ab85 elementor-section-full_width elementor-section-height-full elementor-section-height-default elementor-section-items-middle\" data-id=\"119ab85\" data-element_type=\"section\" data-e-type=\"section\" data-settings=\"{&quot;background_background&quot;:&quot;classic&quot;}\">\n\t\t\t\t\t\t\t<div class=\"elementor-background-overlay\"><\/div>\n\t\t\t\t\t\t\t<div class=\"elementor-container elementor-column-gap-default\">\n\t\t\t\t\t<div class=\"elementor-column elementor-col-100 elementor-top-column elementor-element elementor-element-6fcc07d5\" data-id=\"6fcc07d5\" data-element_type=\"column\" data-e-type=\"column\" data-settings=\"{&quot;background_background&quot;:&quot;classic&quot;}\">\n\t\t\t<div class=\"elementor-widget-wrap elementor-element-populated\">\n\t\t\t\t\t\t<div class=\"elementor-element elementor-element-22163eac elementor-widget elementor-widget-text-editor\" data-id=\"22163eac\" data-element_type=\"widget\" data-e-type=\"widget\" data-widget_type=\"text-editor.default\">\n\t\t\t\t<div class=\"elementor-widget-container\">\n\t\t\t\t\t\t\t\t\t<p>Re\u015fedin\u0163\u0103 domneasc\u0103 \u015fi capital\u0103 \u00eentre 1396 si 1714, T\u00eergovi\u015ftea a de\u0163inut mai bine de trei secole statutul de cel mai important centru economic, politico-militar \u015fi cultural-artistic al \u0162arii Rom\u00e2ne\u015fti.<\/p><p>Prima men\u0163iune a ora\u015fului dateaz\u0103 din 1396, iar primul act oficial din 1406 \u015fi apar\u0163ine lui Mircea cel B\u0103tr\u00e2n, voievod al \u0162\u0103rii Rom\u00e2ne\u015fti, ce a opus trei decenii de rezisten\u0163\u0103 \u00een fa\u0163a Imperiului Otoman, cu victorii r\u0103sunatoare. Din 1424 se p\u0103streaz\u0103 prima reglementare comercial\u0103 f\u0103cut\u0103 de domnitorul Dan II, ce stabile\u015fte rela\u0163iile vamale ale t\u00e2rgove\u0163ilor locali cu al\u0163i negustori.<\/p><p>Vlad \u0162epe\u015f urc\u0103 pe tron \u00een 1456 \u015fi se \u00eenscrie \u00een istorie cu victoria din 1462 \u00eempotriva sultanului Mehmet II, cuceritorul Constantinopolelui. Voievodul Radu cel Mare recl\u0103de\u015fte, \u00eencep\u00e2nd cu 1499, biserica &#8222;Sf. Nicolae din Deal&#8221;, cunoscut\u0103 azi ca M\u00e2n\u0103stirea Dealu.<br \/>Mihai Viteazul a reu\u015fit \u00een 1600, pentru prima oar\u0103, unirea celor trei principate rom\u00e2ne\u015fti si era recunoscut \u00een \u00eentreaga Europ\u0103 ca un ap\u0103r\u0103tor al cre\u015ftin\u0103t\u0103\u0163ii.<\/p><p>Matei Basarab (1632-1654) a fost un mare sprijinitor al culturii. El a \u00eent\u0103rit fortifica\u0163iile ora\u015fului, a reparat vechi biserici \u015fi a construit multe altele noi. Dup\u0103 Constantin Br\u00e2ncoveanu, care a asigurat timp de un sfert de veac stabilitatea \u0163\u0103rii, a urmat un secol al domnilor fanario\u0163i. Vechea cetate de scaun este cu adevarat p\u0103rasit\u0103.<\/p><p>R\u0103scoala lui Tudor Vladimirescu, din 1821, dup\u0103 ce str\u0103luce\u015fte la Bucure\u015fti, restabilind domniile p\u0103m\u00e2ntene pe scaunul \u0163\u0103rii, se sf\u00e2r\u015fe\u015fte trist la T\u00eergovi\u015fte. Tudor \u015fi mul\u0163i dintre solda\u0163ii s\u0103i sunt masacra\u0163i de eteri\u015fti pe locul din fa\u0163a Mitropoliei, unde s-a ridicat o cruce de piatr\u0103, \u00een amintirea lor.<\/p><p>T\u00eergovi\u015ftenii au participat activ la revolu\u0163ia rom\u00e2n\u0103 din 1848 \u015fi au sus\u0163inut toate actele politice ale unioni\u015ftilor.<br \/>Modernizarea societ\u0103\u0163ii rom\u00e2ne\u015fti la sf\u00e2r\u015fitul secolului al XIX-lea a \u00eensemnat un mare avans economic, ilustrat prin iluminarea ora\u015fului \u00een 1863, inaugurarea cursei de diligen\u0163e \u015fi apoi de cale ferat\u0103 Bucure\u015fti-T\u00eergovi\u015fte, \u00eenfiin\u0163area primei \u00eentreprinderi industriale &#8211; Arsenalul armatei \u015fi construirea rafin\u0103riilor de petrol.<\/p><p>T\u00eergovi\u015ftea \u015fi-a pl\u0103tit tributul de s\u00e2nge \u00een toate marile b\u0103t\u0103lii ale na\u0163iunii: r\u0103zboiul de independen\u0163\u0103 din 1877-1878, primul \u015fi al doilea r\u0103zboi mondial. (<a href=\"http:\/\/www.pmtgv.ro\/\" target=\"_blank\" rel=\"noopener\">cite\u015fte mai mult pe site-ul Prim\u0103riei T\u00eergovi\u015fte<\/a>).<\/p>\t\t\t\t\t\t\t\t<\/div>\n\t\t\t\t<\/div>\n\t\t\t\t\t<\/div>\n\t\t<\/div>\n\t\t\t\t\t<\/div>\n\t\t<\/section>\n\t\t\t\t<\/div>","protected":false},"excerpt":{"rendered":"<p>Re\u015fedin\u0163\u0103 domneasc\u0103 \u015fi capital\u0103 \u00eentre 1396 si 1714, T\u00eergovi\u015ftea a de\u0163inut mai bine de trei secole statutul de cel mai important centru economic, politico-militar \u015fi cultural-artistic al \u0162arii Rom\u00e2ne\u015fti. Prima men\u0163iune a ora\u015fului dateaz\u0103 din 1396, iar primul act oficial din 1406 \u015fi apar\u0163ine lui Mircea cel B\u0103tr\u00e2n, voievod al \u0162\u0103rii Rom\u00e2ne\u015fti, ce a opus&#8230;<\/p>","protected":false},"author":1,"featured_media":70,"parent":0,"menu_order":0,"comment_status":"closed","ping_status":"closed","template":"","meta":{"ngg_post_thumbnail":0,"_kad_post_transparent":"default","_kad_post_title":"default","_kad_post_layout":"default","_kad_post_sidebar_id":"","_kad_post_content_style":"default","_kad_post_vertical_padding":"default","_kad_post_feature":"","_kad_post_feature_position":"","_kad_post_header":false,"_kad_post_footer":false,"_kad_post_classname":"","footnotes":""},"class_list":["post-69","page","type-page","status-publish","has-post-thumbnail","hentry"],"yoast_head":"<!-- This site is optimized with the Yoast SEO plugin v27.3 - https:\/\/yoast.com\/product\/yoast-seo-wordpress\/ -->\n<title>T\u00e2rgovi\u015fte - Valah Motors<\/title>\n<meta name=\"robots\" content=\"index, follow, max-snippet:-1, max-image-preview:large, max-video-preview:-1\" \/>\n<link rel=\"canonical\" href=\"https:\/\/www.valahmotors.ro\/en\/targoviste\/\" \/>\n<meta property=\"og:locale\" content=\"en_US\" \/>\n<meta property=\"og:type\" content=\"article\" \/>\n<meta property=\"og:title\" content=\"T\u00e2rgovi\u015fte - Valah Motors\" \/>\n<meta property=\"og:description\" content=\"Re\u015fedin\u0163\u0103 domneasc\u0103 \u015fi capital\u0103 \u00eentre 1396 si 1714, T\u00eergovi\u015ftea a de\u0163inut mai bine de trei secole statutul de cel mai important centru economic, politico-militar \u015fi cultural-artistic al \u0162arii Rom\u00e2ne\u015fti. Prima men\u0163iune a ora\u015fului dateaz\u0103 din 1396, iar primul act oficial din 1406 \u015fi apar\u0163ine lui Mircea cel B\u0103tr\u00e2n, voievod al \u0162\u0103rii Rom\u00e2ne\u015fti, ce a opus...\" \/>\n<meta property=\"og:url\" content=\"https:\/\/www.valahmotors.ro\/en\/targoviste\/\" \/>\n<meta property=\"og:site_name\" content=\"Valah Motors\" \/>\n<meta property=\"article:modified_time\" content=\"2023-07-27T20:25:18+00:00\" \/>\n<meta property=\"og:image\" content=\"https:\/\/www.valahmotors.ro\/wp-content\/uploads\/targoviste.png\" \/>\n\t<meta property=\"og:image:width\" content=\"585\" \/>\n\t<meta property=\"og:image:height\" content=\"304\" \/>\n\t<meta property=\"og:image:type\" content=\"image\/png\" \/>\n<meta name=\"twitter:card\" content=\"summary_large_image\" \/>\n<meta name=\"twitter:label1\" content=\"Est. reading time\" \/>\n\t<meta name=\"twitter:data1\" content=\"2 minutes\" \/>\n<script type=\"application\/ld+json\" class=\"yoast-schema-graph\">{\"@context\":\"https:\\\/\\\/schema.org\",\"@graph\":[{\"@type\":\"WebPage\",\"@id\":\"https:\\\/\\\/www.valahmotors.ro\\\/targoviste\\\/\",\"url\":\"https:\\\/\\\/www.valahmotors.ro\\\/targoviste\\\/\",\"name\":\"T\u00e2rgovi\u015fte - Valah Motors\",\"isPartOf\":{\"@id\":\"https:\\\/\\\/www.valahmotors.ro\\\/#website\"},\"primaryImageOfPage\":{\"@id\":\"https:\\\/\\\/www.valahmotors.ro\\\/targoviste\\\/#primaryimage\"},\"image\":{\"@id\":\"https:\\\/\\\/www.valahmotors.ro\\\/targoviste\\\/#primaryimage\"},\"thumbnailUrl\":\"https:\\\/\\\/www.valahmotors.ro\\\/wp-content\\\/uploads\\\/targoviste.png\",\"datePublished\":\"2021-01-30T20:04:47+00:00\",\"dateModified\":\"2023-07-27T20:25:18+00:00\",\"breadcrumb\":{\"@id\":\"https:\\\/\\\/www.valahmotors.ro\\\/targoviste\\\/#breadcrumb\"},\"inLanguage\":\"en-US\",\"potentialAction\":[{\"@type\":\"ReadAction\",\"target\":[\"https:\\\/\\\/www.valahmotors.ro\\\/targoviste\\\/\"]}]},{\"@type\":\"ImageObject\",\"inLanguage\":\"en-US\",\"@id\":\"https:\\\/\\\/www.valahmotors.ro\\\/targoviste\\\/#primaryimage\",\"url\":\"https:\\\/\\\/www.valahmotors.ro\\\/wp-content\\\/uploads\\\/targoviste.png\",\"contentUrl\":\"https:\\\/\\\/www.valahmotors.ro\\\/wp-content\\\/uploads\\\/targoviste.png\",\"width\":585,\"height\":304,\"caption\":\"Valah Motors - T\u00e2rgovi\u015fte\"},{\"@type\":\"BreadcrumbList\",\"@id\":\"https:\\\/\\\/www.valahmotors.ro\\\/targoviste\\\/#breadcrumb\",\"itemListElement\":[{\"@type\":\"ListItem\",\"position\":1,\"name\":\"Acas\u0103\",\"item\":\"https:\\\/\\\/www.valahmotors.ro\\\/\"},{\"@type\":\"ListItem\",\"position\":2,\"name\":\"T\u00e2rgovi\u015fte\"}]},{\"@type\":\"WebSite\",\"@id\":\"https:\\\/\\\/www.valahmotors.ro\\\/#website\",\"url\":\"https:\\\/\\\/www.valahmotors.ro\\\/\",\"name\":\"Valah Motors\",\"description\":\"TARI CA MUN\u0162II\",\"publisher\":{\"@id\":\"https:\\\/\\\/www.valahmotors.ro\\\/#organization\"},\"potentialAction\":[{\"@type\":\"SearchAction\",\"target\":{\"@type\":\"EntryPoint\",\"urlTemplate\":\"https:\\\/\\\/www.valahmotors.ro\\\/?s={search_term_string}\"},\"query-input\":{\"@type\":\"PropertyValueSpecification\",\"valueRequired\":true,\"valueName\":\"search_term_string\"}}],\"inLanguage\":\"en-US\"},{\"@type\":\"Organization\",\"@id\":\"https:\\\/\\\/www.valahmotors.ro\\\/#organization\",\"name\":\"Valah Motors\",\"url\":\"https:\\\/\\\/www.valahmotors.ro\\\/\",\"logo\":{\"@type\":\"ImageObject\",\"inLanguage\":\"en-US\",\"@id\":\"https:\\\/\\\/www.valahmotors.ro\\\/#\\\/schema\\\/logo\\\/image\\\/\",\"url\":\"https:\\\/\\\/www.valahmotors.ro\\\/wp-content\\\/uploads\\\/sigla_valah_100x100px.png\",\"contentUrl\":\"https:\\\/\\\/www.valahmotors.ro\\\/wp-content\\\/uploads\\\/sigla_valah_100x100px.png\",\"width\":100,\"height\":100,\"caption\":\"Valah Motors\"},\"image\":{\"@id\":\"https:\\\/\\\/www.valahmotors.ro\\\/#\\\/schema\\\/logo\\\/image\\\/\"}}]}<\/script>\n<!-- \/ Yoast SEO plugin. -->","yoast_head_json":{"title":"T\u00e2rgovi\u015fte - Valah Motors","robots":{"index":"index","follow":"follow","max-snippet":"max-snippet:-1","max-image-preview":"max-image-preview:large","max-video-preview":"max-video-preview:-1"},"canonical":"https:\/\/www.valahmotors.ro\/en\/targoviste\/","og_locale":"en_US","og_type":"article","og_title":"T\u00e2rgovi\u015fte - Valah Motors","og_description":"Re\u015fedin\u0163\u0103 domneasc\u0103 \u015fi capital\u0103 \u00eentre 1396 si 1714, T\u00eergovi\u015ftea a de\u0163inut mai bine de trei secole statutul de cel mai important centru economic, politico-militar \u015fi cultural-artistic al \u0162arii Rom\u00e2ne\u015fti. Prima men\u0163iune a ora\u015fului dateaz\u0103 din 1396, iar primul act oficial din 1406 \u015fi apar\u0163ine lui Mircea cel B\u0103tr\u00e2n, voievod al \u0162\u0103rii Rom\u00e2ne\u015fti, ce a opus...","og_url":"https:\/\/www.valahmotors.ro\/en\/targoviste\/","og_site_name":"Valah Motors","article_modified_time":"2023-07-27T20:25:18+00:00","og_image":[{"width":585,"height":304,"url":"https:\/\/www.valahmotors.ro\/wp-content\/uploads\/targoviste.png","type":"image\/png"}],"twitter_card":"summary_large_image","twitter_misc":{"Est. reading time":"2 minutes"},"schema":{"@context":"https:\/\/schema.org","@graph":[{"@type":"WebPage","@id":"https:\/\/www.valahmotors.ro\/targoviste\/","url":"https:\/\/www.valahmotors.ro\/targoviste\/","name":"T\u00e2rgovi\u015fte - Valah Motors","isPartOf":{"@id":"https:\/\/www.valahmotors.ro\/#website"},"primaryImageOfPage":{"@id":"https:\/\/www.valahmotors.ro\/targoviste\/#primaryimage"},"image":{"@id":"https:\/\/www.valahmotors.ro\/targoviste\/#primaryimage"},"thumbnailUrl":"https:\/\/www.valahmotors.ro\/wp-content\/uploads\/targoviste.png","datePublished":"2021-01-30T20:04:47+00:00","dateModified":"2023-07-27T20:25:18+00:00","breadcrumb":{"@id":"https:\/\/www.valahmotors.ro\/targoviste\/#breadcrumb"},"inLanguage":"en-US","potentialAction":[{"@type":"ReadAction","target":["https:\/\/www.valahmotors.ro\/targoviste\/"]}]},{"@type":"ImageObject","inLanguage":"en-US","@id":"https:\/\/www.valahmotors.ro\/targoviste\/#primaryimage","url":"https:\/\/www.valahmotors.ro\/wp-content\/uploads\/targoviste.png","contentUrl":"https:\/\/www.valahmotors.ro\/wp-content\/uploads\/targoviste.png","width":585,"height":304,"caption":"Valah Motors - T\u00e2rgovi\u015fte"},{"@type":"BreadcrumbList","@id":"https:\/\/www.valahmotors.ro\/targoviste\/#breadcrumb","itemListElement":[{"@type":"ListItem","position":1,"name":"Acas\u0103","item":"https:\/\/www.valahmotors.ro\/"},{"@type":"ListItem","position":2,"name":"T\u00e2rgovi\u015fte"}]},{"@type":"WebSite","@id":"https:\/\/www.valahmotors.ro\/#website","url":"https:\/\/www.valahmotors.ro\/","name":"Valah Motors","description":"HARD AS MOUNTAINS","publisher":{"@id":"https:\/\/www.valahmotors.ro\/#organization"},"potentialAction":[{"@type":"SearchAction","target":{"@type":"EntryPoint","urlTemplate":"https:\/\/www.valahmotors.ro\/?s={search_term_string}"},"query-input":{"@type":"PropertyValueSpecification","valueRequired":true,"valueName":"search_term_string"}}],"inLanguage":"en-US"},{"@type":"Organization","@id":"https:\/\/www.valahmotors.ro\/#organization","name":"Valah Motors","url":"https:\/\/www.valahmotors.ro\/","logo":{"@type":"ImageObject","inLanguage":"en-US","@id":"https:\/\/www.valahmotors.ro\/#\/schema\/logo\/image\/","url":"https:\/\/www.valahmotors.ro\/wp-content\/uploads\/sigla_valah_100x100px.png","contentUrl":"https:\/\/www.valahmotors.ro\/wp-content\/uploads\/sigla_valah_100x100px.png","width":100,"height":100,"caption":"Valah Motors"},"image":{"@id":"https:\/\/www.valahmotors.ro\/#\/schema\/logo\/image\/"}}]}},"_links":{"self":[{"href":"https:\/\/www.valahmotors.ro\/en\/wp-json\/wp\/v2\/pages\/69","targetHints":{"allow":["GET"]}}],"collection":[{"href":"https:\/\/www.valahmotors.ro\/en\/wp-json\/wp\/v2\/pages"}],"about":[{"href":"https:\/\/www.valahmotors.ro\/en\/wp-json\/wp\/v2\/types\/page"}],"author":[{"embeddable":true,"href":"https:\/\/www.valahmotors.ro\/en\/wp-json\/wp\/v2\/users\/1"}],"replies":[{"embeddable":true,"href":"https:\/\/www.valahmotors.ro\/en\/wp-json\/wp\/v2\/comments?post=69"}],"version-history":[{"count":69,"href":"https:\/\/www.valahmotors.ro\/en\/wp-json\/wp\/v2\/pages\/69\/revisions"}],"predecessor-version":[{"id":3576,"href":"https:\/\/www.valahmotors.ro\/en\/wp-json\/wp\/v2\/pages\/69\/revisions\/3576"}],"wp:featuredmedia":[{"embeddable":true,"href":"https:\/\/www.valahmotors.ro\/en\/wp-json\/wp\/v2\/media\/70"}],"wp:attachment":[{"href":"https:\/\/www.valahmotors.ro\/en\/wp-json\/wp\/v2\/media?parent=69"}],"curies":[{"name":"wp","href":"https:\/\/api.w.org\/{rel}","templated":true}]}}